{"id":38,"date":"2020-10-17T11:30:15","date_gmt":"2020-10-17T08:30:15","guid":{"rendered":"http:\/\/www.aslmetal.com\/saklibahcem.com\/?page_id=38"},"modified":"2022-01-26T11:08:25","modified_gmt":"2022-01-26T08:08:25","slug":"zeytinlerimiz","status":"publish","type":"page","link":"https:\/\/www.gemliksaklibahce.com\/?page_id=38","title":{"rendered":"\u00dcr\u00fcnlerimiz"},"content":{"rendered":"\n<h2 class=\"has-text-align-center\" id=\"sakli-bahce-gemlik-zeytin-1kg-pet\">SAKLI BAH\u00c7E GEML\u0130K ZEYT\u0130N 1KG PET<\/h2>\n\n\n\n<p> <\/p>\n","protected":false},"excerpt":{"rendered":"<div class=\"slide-text-bg2\">\n<h3>SAKLI BAH\u00c7E GEML\u0130K ZEYT\u0130N 1KG PET<\/h3>\n<\/div>\n<div class=\"flex-btn-div\"><a href=\"https:\/\/www.gemliksaklibahce.com\/?page_id=38\" class=\"btn1 flex-btn\">Daha fazlas\u0131n\u0131 oku<\/a><\/div>\n","protected":false},"author":1,"featured_media":0,"parent":0,"menu_order":0,"comment_status":"closed","ping_status":"closed","template":"","meta":[],"_links":{"self":[{"href":"https:\/\/www.gemliksaklibahce.com\/index.php?rest_route=\/wp\/v2\/pages\/38"}],"collection":[{"href":"https:\/\/www.gemliksaklibahce.com\/index.php?rest_route=\/wp\/v2\/pages"}],"about":[{"href":"https:\/\/www.gemliksaklibahce.com\/index.php?rest_route=\/wp\/v2\/types\/page"}],"author":[{"embeddable":true,"href":"https:\/\/www.gemliksaklibahce.com\/index.php?rest_route=\/wp\/v2\/users\/1"}],"replies":[{"embeddable":true,"href":"https:\/\/www.gemliksaklibahce.com\/index.php?rest_route=%2Fwp%2Fv2%2Fcomments&post=38"}],"version-history":[{"count":5,"href":"https:\/\/www.gemliksaklibahce.com\/index.php?rest_route=\/wp\/v2\/pages\/38\/revisions"}],"predecessor-version":[{"id":100,"href":"https:\/\/www.gemliksaklibahce.com\/index.php?rest_route=\/wp\/v2\/pages\/38\/revisions\/100"}],"wp:attachment":[{"href":"https:\/\/www.gemliksaklibahce.com\/index.php?rest_route=%2Fwp%2Fv2%2Fmedia&parent=38"}],"curies":[{"name":"wp","href":"https:\/\/api.w.org\/{rel}","templated":true}]}}