{"id":45,"date":"2020-10-17T11:31:16","date_gmt":"2020-10-17T08:31:16","guid":{"rendered":"http:\/\/www.aslmetal.com\/saklibahcem.com\/?page_id=45"},"modified":"2022-01-26T11:03:38","modified_gmt":"2022-01-26T08:03:38","slug":"iletisim","status":"publish","type":"page","link":"https:\/\/www.gemliksaklibahce.com\/?page_id=45","title":{"rendered":"\u0130leti\u015fim"},"content":{"rendered":"\n<div class=\"wp-block-image is-style-rounded\"><figure class=\"aligncenter size-medium is-resized\"><img loading=\"lazy\" src=\"http:\/\/www.gemliksaklibahce.com\/wp-content\/uploads\/2022\/01\/WhatsApp-Image-2022-01-26-at-10.46.16-1-300x300.jpeg\" alt=\"\" class=\"wp-image-87\" width=\"334\" height=\"334\" srcset=\"https:\/\/www.gemliksaklibahce.com\/wp-content\/uploads\/2022\/01\/WhatsApp-Image-2022-01-26-at-10.46.16-1-300x300.jpeg 300w, https:\/\/www.gemliksaklibahce.com\/wp-content\/uploads\/2022\/01\/WhatsApp-Image-2022-01-26-at-10.46.16-1-150x150.jpeg 150w, https:\/\/www.gemliksaklibahce.com\/wp-content\/uploads\/2022\/01\/WhatsApp-Image-2022-01-26-at-10.46.16-1.jpeg 709w\" sizes=\"(max-width: 334px) 100vw, 334px\" \/><\/figure><\/div>\n\n\n\n<h3 class=\"has-text-align-center\" id=\"sakli-bahce-gemlik-zeytin\"><strong>SAKLI BAH\u00c7E GEML\u0130K ZEYT\u0130N<\/strong><\/h3>\n\n\n\n<p class=\"has-text-align-center\"><strong>Adres<\/strong><\/p>\n\n\n\n<p class=\"has-text-align-center\">Orhangazi Mah. E\u015fref Bitlis Bulvar\u0131 No:120 <\/p>\n\n\n\n<p class=\"has-text-align-center\">Sultanbeyli \/ \u0130stanbul<\/p>\n\n\n\n<p class=\"has-text-align-center\"><strong>Telefon<\/strong><\/p>\n\n\n\n<p class=\"has-text-align-center\">0216 487 62 65<\/p>\n\n\n\n<p class=\"has-text-align-center\"><strong>E-Posta<\/strong><\/p>\n\n\n\n<p class=\"has-text-align-center\">info@gemliksaklibahce.com | info@maskgroup.com.tr<\/p>\n","protected":false},"excerpt":{"rendered":"<div class=\"slide-text-bg2\">\n<h3>SAKLI BAH\u00c7E GEML\u0130K ZEYT\u0130N Adres Orhangazi Mah. E\u015fref Bitlis Bulvar\u0131 No:120 Sultanbeyli \/ \u0130stanbul Telefon 0216 487 62 65 E-Posta<\/h3>\n<\/div>\n<div class=\"flex-btn-div\"><a href=\"https:\/\/www.gemliksaklibahce.com\/?page_id=45\" class=\"btn1 flex-btn\">Daha fazlas\u0131n\u0131 oku<\/a><\/div>\n","protected":false},"author":1,"featured_media":0,"parent":0,"menu_order":0,"comment_status":"closed","ping_status":"closed","template":"fullwidth.php","meta":[],"_links":{"self":[{"href":"https:\/\/www.gemliksaklibahce.com\/index.php?rest_route=\/wp\/v2\/pages\/45"}],"collection":[{"href":"https:\/\/www.gemliksaklibahce.com\/index.php?rest_route=\/wp\/v2\/pages"}],"about":[{"href":"https:\/\/www.gemliksaklibahce.com\/index.php?rest_route=\/wp\/v2\/types\/page"}],"author":[{"embeddable":true,"href":"https:\/\/www.gemliksaklibahce.com\/index.php?rest_route=\/wp\/v2\/users\/1"}],"replies":[{"embeddable":true,"href":"https:\/\/www.gemliksaklibahce.com\/index.php?rest_route=%2Fwp%2Fv2%2Fcomments&post=45"}],"version-history":[{"count":4,"href":"https:\/\/www.gemliksaklibahce.com\/index.php?rest_route=\/wp\/v2\/pages\/45\/revisions"}],"predecessor-version":[{"id":93,"href":"https:\/\/www.gemliksaklibahce.com\/index.php?rest_route=\/wp\/v2\/pages\/45\/revisions\/93"}],"wp:attachment":[{"href":"https:\/\/www.gemliksaklibahce.com\/index.php?rest_route=%2Fwp%2Fv2%2Fmedia&parent=45"}],"curies":[{"name":"wp","href":"https:\/\/api.w.org\/{rel}","templated":true}]}}